{"id":802,"date":"2018-10-30T15:14:00","date_gmt":"2018-10-30T14:14:00","guid":{"rendered":"https:\/\/leolien.pro\/?page_id=802"},"modified":"2018-10-30T15:15:13","modified_gmt":"2018-10-30T14:15:13","slug":"le_focusing","status":"publish","type":"page","link":"https:\/\/leolien.pro\/index.php\/le_focusing\/","title":{"rendered":""},"content":{"rendered":"<div class=\"div3\"><span style=\"font-size: 16px;\"><strong>Le Focusing<\/strong>, bas\u00e9 sur la pleine conscience, <strong>permet de cultiver le lien \u00e0 soi-m\u00eame<\/strong> et d&rsquo;acc\u00e9der \u00e0 toute notre intelligence : rationnelle et sensible : \u00e9motions, intuitions&#8230;<br \/>\n<strong>M\u00e9thode d&rsquo;int\u00e9gration imm\u00e9diate de notre \u00e9tat int\u00e9rieur<\/strong> (\u00e9nergie, motivations, intuitions etc.) <strong>et des situations ext\u00e9rieures<\/strong> dans lesquelles nous sommes plong\u00e9s.<br \/>\n<\/span><\/p>\n<ul class=\"ul1\">\n<li>Pour <strong>se mettre dans les meilleures conditions<\/strong> : d\u00e9ployer ses talents et conna\u00eetre ses limites, g\u00e9rer son stress,<\/li>\n<li>Pour <strong>prendre en compte notre \u00e9tat<\/strong> d&rsquo;\u00e9nergie, nos tensions internes et \u00eatre plus apais\u00e9 face aux autres, moins en r\u00e9action,<\/li>\n<li>Pour <strong>rester ouvert \u00e0 une vision plus large<\/strong> de notre situation, de nous-m\u00eames, de nos objectifs et prendre les bonnes d\u00e9cisions.<\/li>\n<\/ul>\n<p><span style=\"color: rgb(153, 0, 204);\">Dans le cadre de ma certification*, je recherche des personnes qui seraient int\u00e9ress\u00e9es \u00e0 d\u00e9couvrir le processus de Focusing au cours d\u2019une ou deux s\u00e9ances d\u2019environ 40 mn, suivie d\u2019un document de bilan \u00e0 compl\u00e9ter (compter 1 heure en tout). A distance ou de visu.<\/span><br \/>\n&nbsp;<br \/>\n*Je me forme depuis 3 ans aupr\u00e8s de Pascal Hastir et Coralie Rahim <a href=\"https:\/\/autoaccompagnement.com\/\">site autoaccompagnement.com<\/a>\n<\/div>\n<p><a href=\"https:\/\/leolien.pro\/#lien6\">Retour<\/a><\/p>\n","protected":false},"excerpt":{"rendered":"<p>Le Focusing, bas\u00e9 sur la pleine conscience, permet de cultiver le lien \u00e0 soi-m\u00eame et d&rsquo;acc\u00e9der \u00e0 toute notre intelligence &hellip; <a href=\"https:\/\/leolien.pro\/index.php\/le_focusing\/\" class=\"more-link\">Continuer la lecture<span class=\"screen-reader-text\"> de &laquo;&nbsp;&nbsp;&raquo;<\/span><\/a><\/p>\n","protected":false},"author":2,"featured_media":0,"parent":0,"menu_order":0,"comment_status":"closed","ping_status":"closed","template":"","meta":{"footnotes":""},"class_list":["post-802","page","type-page","status-publish","hentry"],"_links":{"self":[{"href":"https:\/\/leolien.pro\/index.php\/wp-json\/wp\/v2\/pages\/802","targetHints":{"allow":["GET"]}}],"collection":[{"href":"https:\/\/leolien.pro\/index.php\/wp-json\/wp\/v2\/pages"}],"about":[{"href":"https:\/\/leolien.pro\/index.php\/wp-json\/wp\/v2\/types\/page"}],"author":[{"embeddable":true,"href":"https:\/\/leolien.pro\/index.php\/wp-json\/wp\/v2\/users\/2"}],"replies":[{"embeddable":true,"href":"https:\/\/leolien.pro\/index.php\/wp-json\/wp\/v2\/comments?post=802"}],"version-history":[{"count":22,"href":"https:\/\/leolien.pro\/index.php\/wp-json\/wp\/v2\/pages\/802\/revisions"}],"predecessor-version":[{"id":825,"href":"https:\/\/leolien.pro\/index.php\/wp-json\/wp\/v2\/pages\/802\/revisions\/825"}],"wp:attachment":[{"href":"https:\/\/leolien.pro\/index.php\/wp-json\/wp\/v2\/media?parent=802"}],"curies":[{"name":"wp","href":"https:\/\/api.w.org\/{rel}","templated":true}]}}