{"id":434,"date":"2017-10-17T23:53:56","date_gmt":"2017-10-17T21:53:56","guid":{"rendered":"https:\/\/leolien.pro\/?page_id=434"},"modified":"2017-11-06T23:40:58","modified_gmt":"2017-11-06T22:40:58","slug":"modalites","status":"publish","type":"page","link":"https:\/\/leolien.pro\/index.php\/modalites\/","title":{"rendered":""},"content":{"rendered":"<p><strong>Modalit\u00e9s<\/strong><br \/>\n&nbsp;<br \/>\n&#8211; Prise de <a href=\"mailto:leonie.galmiche@leolien.pro\">Contact<\/a><br \/>\n&nbsp;<br \/>\n<strong>D\u00e9roul\u00e9 du coaching : <\/strong><\/p>\n<ul class=\"tiret\">\n<li>&nbsp;1\u00e8re s\u00e9ance \u2018exploratoire\u2019 pour d\u00e9finir les objectifs et \u00e9valuer le temps et la fr\u00e9quence adapt\u00e9s : 1h environ<\/li>\n<li>&nbsp;Dur\u00e9e du coaching et des s\u00e9ances adaptables en fonction de l\u2019objectif\n<ul class=\"circle\">\n<li>S\u00e9ances \u00e0 la carte, ou engagement dans une action \u00e0 moyen terme (forfait de 10h ou plus, d\u00e9gressif) <\/li>\n<li>Dur\u00e9e des s\u00e9ances : de 1 \u00e0 2 heures<\/li>\n<li>Coaching action : 15\u2019 matin et soir ou d\u00e9but et fin de semaine pour cadrer le plan d\u2019action et d\u00e9briefer \u00e0 court terme<\/li>\n<\/ul>\n<\/li>\n<li>&nbsp;En rendez-vous de visu ou \u00e0 distance<\/li>\n<\/ul>\n<p><strong>Tarifs :<\/strong><br \/>\n&#8211;\tParticuliers : 90 \u20ac TTC\/heure<br \/>\n&#8211;\tPME : 250 \u20ac HT\/heure<br \/>\n&#8211;\tEntreprises : 350 \u20ac HT\/heure<\/p>\n<p>&nbsp;<br \/>\n<a href=\"https:\/\/leolien.pro\/#lien4\">Retour<\/a><\/p>\n","protected":false},"excerpt":{"rendered":"<p>Modalit\u00e9s &nbsp; &#8211; Prise de Contact &nbsp; D\u00e9roul\u00e9 du coaching : &nbsp;1\u00e8re s\u00e9ance \u2018exploratoire\u2019 pour d\u00e9finir les objectifs et \u00e9valuer &hellip; <a href=\"https:\/\/leolien.pro\/index.php\/modalites\/\" class=\"more-link\">Continuer la lecture<span class=\"screen-reader-text\"> de &laquo;&nbsp;&nbsp;&raquo;<\/span><\/a><\/p>\n","protected":false},"author":1,"featured_media":0,"parent":0,"menu_order":0,"comment_status":"closed","ping_status":"closed","template":"","meta":{"footnotes":""},"class_list":["post-434","page","type-page","status-publish","hentry"],"_links":{"self":[{"href":"https:\/\/leolien.pro\/index.php\/wp-json\/wp\/v2\/pages\/434","targetHints":{"allow":["GET"]}}],"collection":[{"href":"https:\/\/leolien.pro\/index.php\/wp-json\/wp\/v2\/pages"}],"about":[{"href":"https:\/\/leolien.pro\/index.php\/wp-json\/wp\/v2\/types\/page"}],"author":[{"embeddable":true,"href":"https:\/\/leolien.pro\/index.php\/wp-json\/wp\/v2\/users\/1"}],"replies":[{"embeddable":true,"href":"https:\/\/leolien.pro\/index.php\/wp-json\/wp\/v2\/comments?post=434"}],"version-history":[{"count":17,"href":"https:\/\/leolien.pro\/index.php\/wp-json\/wp\/v2\/pages\/434\/revisions"}],"predecessor-version":[{"id":548,"href":"https:\/\/leolien.pro\/index.php\/wp-json\/wp\/v2\/pages\/434\/revisions\/548"}],"wp:attachment":[{"href":"https:\/\/leolien.pro\/index.php\/wp-json\/wp\/v2\/media?parent=434"}],"curies":[{"name":"wp","href":"https:\/\/api.w.org\/{rel}","templated":true}]}}