{"id":310,"date":"2017-10-17T08:53:01","date_gmt":"2017-10-17T06:53:01","guid":{"rendered":"https:\/\/leolien.pro\/?page_id=310"},"modified":"2017-10-18T17:08:30","modified_gmt":"2017-10-18T15:08:30","slug":"temoignages-conference","status":"publish","type":"page","link":"https:\/\/leolien.pro\/index.php\/temoignages-conference\/","title":{"rendered":""},"content":{"rendered":"<p><em><strong>T\u00e9moignages conf\u00e9rence<\/strong><br \/>\nS\u00e9lection verbatim :<\/p>\n<div style=\"text-align: center;\"><em>\u00ab\u00a0\u2026 passionnant\u00a0\u00bb<br \/>\n\u00ab\u00a0\u2026 excellent\u2026\u00a0\u00bb<br \/>\n\u00ab\u00a0\u2026\u00a0conf\u00e9rence tr\u00e8s vivante, exercices pratiques tr\u00e8s int\u00e9ressants qui illustrent parfaitement les propos\u2026\u00a0\u00bb<br \/>\n&nbsp;<br \/>\n\u00ab\u00a0\u2026 intervenants dynamiques, conf\u00e9rence interactive ce qui la rend plus simple et agr\u00e9able \u00e0 suivre\u2026\u00a0\u00bb<br \/>\n\u00ab\u00a0\u2026charisme des intervenants, atmosph\u00e8re positive et bienveillante\u00a0\u00bb<br \/>\n\u00ab\u00a0\u2026++ pour la qualit\u00e9 d\u2019expos\u00e9 des deux intervenants, atypisme du sujet \u00bb<br \/>\n&nbsp;<br \/>\n\u00ab\u00a0\u2026 int\u00e9r\u00eat pour la qualit\u00e9 de notre travail\u2026\u00a0\u00bb<br \/>\n\u00ab\u00a0\u2026 tr\u00e8s int\u00e9ressant, clair et ouvre sur beaucoup d\u2019utilisations pratiques potentielles\u2026\u00a0\u00bb<br \/>\n\u00ab\u00a0\u2026 int\u00e9ressant de mieux conna\u00eetre nos \u00e9motions, comment les d\u00e9tecter et les utiliser plut\u00f4t que de lutter\u2026\u00a0\u00bb<br \/>\n\u00ab\u00a0\u2026 savoir prendre conscience de soi, se connecter au pr\u00e9sent et pouvoir analyser de fa\u00e7on plus objective les situations ext\u00e9rieures\u2026\u00a0\u00bb<br \/>\n&nbsp;<br \/>\n\u00ab\u00a0\u2026pas assez long pour un sujet aussi passionnant\u2026\u00a0\u00bb<br \/>\n\u00ab\u00a0\u2026.Bravo et Merci\u00a0!\u00a0\u00bb\n<\/div>\n<p>&nbsp;<br \/>\n<\/em><br \/>\n<a href=\"https:\/\/leolien.pro\/#lien1\">Retour<\/a><\/p>\n","protected":false},"excerpt":{"rendered":"<p>T\u00e9moignages conf\u00e9rence S\u00e9lection verbatim : \u00ab\u00a0\u2026 passionnant\u00a0\u00bb \u00ab\u00a0\u2026 excellent\u2026\u00a0\u00bb \u00ab\u00a0\u2026\u00a0conf\u00e9rence tr\u00e8s vivante, exercices pratiques tr\u00e8s int\u00e9ressants qui illustrent parfaitement les &hellip; <a href=\"https:\/\/leolien.pro\/index.php\/temoignages-conference\/\" class=\"more-link\">Continuer la lecture<span class=\"screen-reader-text\"> de &laquo;&nbsp;&nbsp;&raquo;<\/span><\/a><\/p>\n","protected":false},"author":1,"featured_media":0,"parent":0,"menu_order":0,"comment_status":"closed","ping_status":"closed","template":"","meta":{"footnotes":""},"class_list":["post-310","page","type-page","status-publish","hentry"],"_links":{"self":[{"href":"https:\/\/leolien.pro\/index.php\/wp-json\/wp\/v2\/pages\/310","targetHints":{"allow":["GET"]}}],"collection":[{"href":"https:\/\/leolien.pro\/index.php\/wp-json\/wp\/v2\/pages"}],"about":[{"href":"https:\/\/leolien.pro\/index.php\/wp-json\/wp\/v2\/types\/page"}],"author":[{"embeddable":true,"href":"https:\/\/leolien.pro\/index.php\/wp-json\/wp\/v2\/users\/1"}],"replies":[{"embeddable":true,"href":"https:\/\/leolien.pro\/index.php\/wp-json\/wp\/v2\/comments?post=310"}],"version-history":[{"count":10,"href":"https:\/\/leolien.pro\/index.php\/wp-json\/wp\/v2\/pages\/310\/revisions"}],"predecessor-version":[{"id":312,"href":"https:\/\/leolien.pro\/index.php\/wp-json\/wp\/v2\/pages\/310\/revisions\/312"}],"wp:attachment":[{"href":"https:\/\/leolien.pro\/index.php\/wp-json\/wp\/v2\/media?parent=310"}],"curies":[{"name":"wp","href":"https:\/\/api.w.org\/{rel}","templated":true}]}}