{"id":293,"date":"2017-10-16T16:19:27","date_gmt":"2017-10-16T14:19:27","guid":{"rendered":"https:\/\/leolien.pro\/?page_id=293"},"modified":"2017-11-06T23:50:07","modified_gmt":"2017-11-06T22:50:07","slug":"temoignages-animations","status":"publish","type":"page","link":"https:\/\/leolien.pro\/index.php\/temoignages-animations\/","title":{"rendered":""},"content":{"rendered":"<p><em><strong>Retours des participants sur ce qu&rsquo;a apport\u00e9 la journ\u00e9e :<\/strong><br \/>\n&nbsp;<br \/>\n<strong>\u00ab\u00a0Ne pas rester spectateur, g\u00e9rer son avenir\u00a0\u00bb<\/strong><br \/>\n\u00ab\u00a0De la r\u00e9flexion sur mon parcours professionnel\u00a0\u00bb<br \/>\n\u00ab\u00a0Plus de positivit\u00e9, plus d\u2019envie\u00a0!\u00a0\u00bb<br \/>\n\u00ab\u00a0Donne des id\u00e9es, de\u00a0l&rsquo;\u00e9nergie \u00e0 mobiliser pour r\u00e9ussir.\u00a0\u00bb<br \/>\n\u00ab\u00a0La journ\u00e9e m\u2019a pas mal apport\u00e9, je me dis\u00a0\u00ab \u00a0bouge-toi\u00a0\u00bb Je\u00a0n\u2019attendrai pas trois ans. Avant je me disais\u00a0\u2018attends de voir\u2019. Les exemples\u00a0des\u00a0autres me donnent envie.\u00a0\u00bb<br \/>\n\u00ab\u00a0Echange constructif sur les changements et \u00e9volutions dans les entreprises\u00a0\u00bb<br \/>\n&nbsp;<br \/>\n<strong>\u00ab\u00a0Outils \u00e0 la disposition de chacun pour \u00eatre acteur de son changement\u00a0\u00bb<\/strong><br \/>\n\u00ab\u00a0A apport\u00e9 m\u00e9thode, confiance en soi, ouverture aux autres\u00a0\u00bb<br \/>\n\u00ab\u00a0On a des outils tout au long de la journ\u00e9e\u00a0\u00bb<br \/>\n\u00ab\u00a0Moment convivial, j\u2019ai bien aim\u00e9 l\u2019exercice\u00a0: diff\u00e9rences entre exigences et objectifs. Je serai moins stress\u00e9e.\u00a0Oser plus, oser aller plus loin, \u00a0Oser ce que je n\u2019aurais pas os\u00e9 avant. Dialogue\u00a0\u00bb<br \/>\n&nbsp;<br \/>\n<strong>\u00ab\u00a0Les moyens personnels pour r\u00e9ussir le changement\u00a0\u00bb<\/strong><br \/>\n\u00ab\u00a0Mieux percevoir toutes les ressources que nous avons\u00a0\u00bb<br \/>\n\u00ab\u00a0D\u00e9velopper la confiance en soi\u00a0\u00bb<br \/>\n\u00ab\u00a0Mieux se conna\u00eetre, confiance en soi\u00a0\u00bb<br \/>\n&nbsp;<br \/>\n<strong>\u00ab\u00a0Des cl\u00e9s pour g\u00e9rer une situation de stress\u00a0\u00bb<\/strong><br \/>\n\u00ab\u00a0Apprendre \u00e0 ne pas stresser\u00a0\u00bb<br \/>\n\u00ab\u00a0Vivre le moment pr\u00e9sent\u00a0\u00bb<br \/>\n\u00ab\u00a0Comment continuer en cas d\u2019\u00e9chec\u00a0\u00bb<br \/>\n\u00ab\u00a0On apprend autant de ses r\u00e9ussites que de ses \u00e9checs\u00a0\u00bb<br \/>\n&nbsp;<br \/>\n<strong>\u00ab\u00a0Gros avantage de cette journ\u00e9e\u00a0: on n\u2019est pas seul face au changement, on n\u2019a pas le m\u00eame ressenti.\u00a0\u00bb<\/strong><br \/>\n\u00ab\u00a0Partage d\u2019exp\u00e9rience tr\u00e8s enrichissant\u00a0\u00bb<br \/>\n\u00ab\u00a0J\u2019ai appr\u00e9ci\u00e9 les \u00e9changes, la sortie du quotidien. Personnellement j\u2019ai appris beaucoup.\u00a0\u00bb<br \/>\n\u00ab\u00a0Ce matin c\u2019\u00e9tait fort\u00a0: beaucoup d\u2019\u00e9motions. Tr\u00e8s bien.\u00a0\u00bb<br \/>\n\u00ab\u00a0De m\u2019exprimer, de mesurer l\u2019ambiance des autres collaborateurs\u00a0\u00bb<br \/>\n\u00ab\u00a0Permettre d\u2019\u00e9changer des points de vue\u00a0\u00bb<br \/>\n\u00ab\u00a0Des \u00e9changes avec des collaborateurs d\u2019autres services\u00a0\u00bb<br \/>\n\u00ab\u00a0Savoir \u00eatre \u00e0 l\u2019\u00e9coute\u00a0\u00bb<br \/>\n&nbsp;<br \/>\n<strong>Qualit\u00e9 des animateurs<\/strong><br \/>\n\u00ab\u00a0Tr\u00e8s agr\u00e9ables, savent mettre \u00e0 l\u2019aise\u00a0\u00bb<br \/>\n\u00ab\u00a0Dynamiques, \u00ab\u00a0zen\u00a0\u00bb\u00a0\u00bb<br \/>\n\u00ab\u00a0Tr\u00e8s \u00e0 l\u2019\u00e9coute des collaborateurs, n\u2019ont pas h\u00e9sit\u00e9 \u00e0 bouleverser leur programme\u00a0\u00bb<br \/>\n&nbsp;<br \/>\n<\/em><br \/>\n<a href=\"https:\/\/leolien.pro\/#lien2\">Retour<\/a><\/p>\n","protected":false},"excerpt":{"rendered":"<p>Retours des participants sur ce qu&rsquo;a apport\u00e9 la journ\u00e9e : &nbsp; \u00ab\u00a0Ne pas rester spectateur, g\u00e9rer son avenir\u00a0\u00bb \u00ab\u00a0De la &hellip; <a href=\"https:\/\/leolien.pro\/index.php\/temoignages-animations\/\" class=\"more-link\">Continuer la lecture<span class=\"screen-reader-text\"> de &laquo;&nbsp;&nbsp;&raquo;<\/span><\/a><\/p>\n","protected":false},"author":1,"featured_media":0,"parent":0,"menu_order":0,"comment_status":"closed","ping_status":"closed","template":"","meta":{"footnotes":""},"class_list":["post-293","page","type-page","status-publish","hentry"],"_links":{"self":[{"href":"https:\/\/leolien.pro\/index.php\/wp-json\/wp\/v2\/pages\/293","targetHints":{"allow":["GET"]}}],"collection":[{"href":"https:\/\/leolien.pro\/index.php\/wp-json\/wp\/v2\/pages"}],"about":[{"href":"https:\/\/leolien.pro\/index.php\/wp-json\/wp\/v2\/types\/page"}],"author":[{"embeddable":true,"href":"https:\/\/leolien.pro\/index.php\/wp-json\/wp\/v2\/users\/1"}],"replies":[{"embeddable":true,"href":"https:\/\/leolien.pro\/index.php\/wp-json\/wp\/v2\/comments?post=293"}],"version-history":[{"count":15,"href":"https:\/\/leolien.pro\/index.php\/wp-json\/wp\/v2\/pages\/293\/revisions"}],"predecessor-version":[{"id":553,"href":"https:\/\/leolien.pro\/index.php\/wp-json\/wp\/v2\/pages\/293\/revisions\/553"}],"wp:attachment":[{"href":"https:\/\/leolien.pro\/index.php\/wp-json\/wp\/v2\/media?parent=293"}],"curies":[{"name":"wp","href":"https:\/\/api.w.org\/{rel}","templated":true}]}}